{"id":1275,"date":"2018-06-01T14:57:16","date_gmt":"2018-06-01T12:57:16","guid":{"rendered":"http:\/\/www.mutuastar.com\/new\/?page_id=1275"},"modified":"2024-07-23T12:02:20","modified_gmt":"2024-07-23T10:02:20","slug":"cookie-policy","status":"publish","type":"page","link":"https:\/\/www.mutuastar.com\/new\/cookie-policy\/","title":{"rendered":"Cookie policy"},"content":{"rendered":"<h3>Cookie Law Info<\/h3>\n<p><strong>Premessa<\/strong><\/p>\n<p>Questa pagina costituisce una sezione dell\u2019informativa privacy estesa consultabile sul sito e descrive nello specifico l\u2019utilizzo dei cookie effettuato dal titolare.<\/p>\n<p><strong>Informazioni sui Cookie<\/strong><\/p>\n<p>I cookie sono stringhe di testo di piccole dimensioni che i siti visitati dall\u2019utente inviano al suo terminale (solitamente al browser), dove vengono memorizzati per essere poi ritrasmessi agli stessi siti alla successiva visita del medesimo utente. Nel corso della navigazione su un sito, l\u2019utente pu\u00f2 ricevere sul suo terminale anche cookie che vengono inviati da siti o da web server diversi (c.d. \u201cterze parti\u201d), sui quali possono risiedere alcuni elementi (quali, ad esempio, immagini, mappe, suoni, specifici link a pagine di altri domini) presenti sul sito che lo stesso utente sta visitando.<br \/>\nGrazie ai cookie il server invia informazioni che verranno rilette e aggiornate ogni volta che l\u2019utente torner\u00e0\u00a0 sul sito. In questo modo il sito web potr\u00e0\u00a0 adattarsi automaticamente all\u2019utente, migliorandone l\u2019esperienza di navigazione. Inoltre i cookie forniscono al gestore del sito informazioni anonime sulla navigazione degli utenti, anche per ottenere dati statistici sull\u2019uso del sito e migliorarne la navigazione. Le informazioni raccolte tramite i cookie possono essere utilizzate anche per costruire un \u201cprofilo\u201d delle preferenze manifestate dall\u2019utente durante la navigazione, allo scopo di personalizzare i messaggi di promozione commerciale.<strong>\u00a0<\/strong><\/p>\n<p><strong>Tipologie di cookie<\/strong><\/p>\n<p>Sulla base della normativa in materia di protezione dei dati personali icookie possono essere quindi suddivisi in \u201ctecnici\u201d, per l\u2019utilizzo dei quali non \u00e8 richiesto il consenso dell\u2019utente, e \u201cdi profilazione\u201d per finalit\u00e0\u00a0 promozionali, per i quali \u00e8 invece necessario raccogliere il consenso dell\u2019utente. Anche per l\u2019utilizzo di cookie di \u201cterze parti\u201d \u00e8 necessario informare l\u2019utente e raccoglierne il consenso.<\/p>\n<p>Nel dettaglio:<\/p>\n<p><strong><em>Cookie tecnici<\/em><\/strong><br \/>\nQuesta tipologia di cookie si suddivide ulteriormente in:<\/p>\n<p><em>Cookie di navigazione\/sessione<\/em>. Si tratta di cookie fondamentali per navigare all\u2019interno del sito utilizzando tutte le sue funzionalit\u00e0\u00a0, come ad esempio il mantenimento della sessione e l\u2019accesso alle aree riservate. Sono strettamente necessari, in quanto senza di essi non sarebbe possibile fornire i servizi richiesti. Questi cookie non raccolgono informazioni da utilizzare per fini commerciali.<\/p>\n<p><em>Cookie di tipo analytics<\/em>. Raccolgono e analizzano le informazioni sull\u2019uso del sito da parte dei visitatori (pagine visitate, numero di accessi, tempo di permanenza nel sito, ecc.) per ottimizzare la gestione del sito. Questi cookie non raccolgono informazioni che possano identificare in qualche modo l\u2019utente.<\/p>\n<p><em>Cookie di funzionalit\u00e0<\/em>. Permettono all\u2019utente la navigazione in funzione di una serie di criteri selezionati (ad esempio la lingua) al fine di fornire all\u2019utente una migliore esperienza di navigazione. Le informazioni raccolte da questo tipo di cookie sono in forma anonima.<\/p>\n<p>Il sito web funziona in modo ottimale se i cookie tecnici sono abilitati; \u00e8 possibile comunque decidere di non consentire l\u2019utilizzo dei cookie sul proprio computer modificando le impostazioni del browser utilizzato. Occorre tener presente per\u00f2 che, se vengono disabilitati i cookie, potrebbero venire disabilitate alcune funzionalit\u00e0 del sito.<\/p>\n<p><strong><em>Cookie di profilazione<\/em><\/strong><\/p>\n<p>Attraverso i cookie possono essere raccolte informazioni relative all\u2019utente da utilizzare al fine di inviare messaggi pubblicitari in linea con le preferenze manifestate dallo stesso nell\u2019ambito della navigazione in rete (profilo).<\/p>\n<p>In ragione dell\u2019impatto sulla sfera privata dell\u2019utente dell\u2019utilizzo di tale tecniche con finalit\u00e0\u00a0 di profilazione, \u00e8 necessaria la raccolta del consenso dell\u2019utente stesso.<\/p>\n<p>Nel caso in cui i cookie siano utilizzati per tali finalit\u00e0\u00a0, nel sito deve essere proposta una specifica sintetica informativa (banner) contenente anche l\u2019indicazione della modalit\u00e0 attraverso la quale \u00e8 possibile esprimere il consenso all\u2019uso dei cookie di profilazione\u009d. I dati di profilazione sono conservati per dodici mesi.<\/p>\n<p><strong><em>Cookie di terze parti<\/em><\/strong><\/p>\n<p>Navigando nel sito possono essere installati cookie da parte di altri siti, accedibili dal sito ma gestiti da altri soggetti (terze parti). In questo caso il titolare del sito funge solo da intermediario tecnico fra l\u2019utente e questi siti.<strong>\u00a0<\/strong><\/p>\n<p><strong>Disabilitazione ed eliminazione dei cookie<\/strong><\/p>\n<p>Le impostazioni del browser usato dall\u2019utente per navigare consentono sia la cancellazione sia la possibilit\u00e0\u00a0 di evitare l\u2019installazione dei cookie sul dispositivo elettronico utilizzato.<br \/>\nDi seguito offriamo le informazioni per la gestione dei cookie nei principali browser:<strong>\u00a0<\/strong><\/p>\n<p><strong><em>Microsoft Internet Explorer<\/em><\/strong><\/p>\n<ul>\n<li>Clicca su \u201cStrumenti\u201d nella parte superiore della finestra del browser e seleziona \u201cOpzioni Internet\u201d e successivamente clicca sulla scheda \u201cPrivacy\u201d;<\/li>\n<li>Per attivare i cookies, il livello di Privacy deve essere impostato su \u201cMedio\u201d o al di sotto;<\/li>\n<li>Impostando il livello di Privacy sopra il \u201cMedio\u201d l\u2019utilizzo dei cookies verr\u00e0\u00a0 disattivato.<strong>\u00a0<\/strong><\/li>\n<\/ul>\n<p><strong><em>Mozilla Firefox<\/em><\/strong><em><br \/>\n<\/em><\/p>\n<ul>\n<li>Clicca su \u201cStrumenti\u201d nella parte superiore della finestra del browser e seleziona \u201cOpzioni\u201d;<\/li>\n<li>Seleziona l\u2019icona \u201cPrivacy\u201d;<\/li>\n<li>Clicca su \u201cCookies\u201d, poi seleziona o meno \u201cAccetta i cookies dai siti\u201d e \u201cAccetta i cookies di terze parti\u201d;<strong>\u00a0<\/strong><\/li>\n<\/ul>\n<p><strong><em>Google Chrome<\/em><\/strong><\/p>\n<ul>\n<li>Fai clic sull\u2019icona del menu Chrome<\/li>\n<li>Seleziona Impostazioni.<\/li>\n<li>Nella parte inferiore della pagina, fai clic su Mostra impostazioni avanzate.<\/li>\n<li>Nella sezione \u201cPrivacy\u201d, fai clic su Impostazioni contenuti.<\/li>\n<li>Attiva o disattiva i cookie:<\/li>\n<li>Per attivare i cookie, seleziona Consenti il salvataggio dei dati in locale (consigliata).<\/li>\n<li>Per disattivare i cookie, seleziona Impedisci ai siti di impostare dati.<\/li>\n<li>Fai clic su Fine per salvare.<strong>\u00a0<\/strong><\/li>\n<\/ul>\n<p><strong><em>Safari<\/em><\/strong><em><br \/>\n<\/em><\/p>\n<ul>\n<li>Clicca sull\u2019icona \u201cCog\u201d nella parte superiore della finestra del browser e seleziona l\u2019opzione \u201cPreferenze\u201d;<\/li>\n<li>Clicca su \u201cProtezione\u201d e seleziona o meno l\u2019opzione \u201cBlocco di terze parti e di cookies per la pubblicit\u00e0\u00a0\u201c;<\/li>\n<li>Clicca su \u201cSalva\u201d.<\/li>\n<\/ul>\n<p>Per saperne di pi\u00f9 riguardo ai cookies e come gestire o disabilitare quelli di terze parti o dimarketing\/retargeting, \u00e8 possibile visitare dei siti specifici quali ad es:<\/p>\n<ul>\n<li><a href=\"http:\/\/www.youronlinechoices.com\/\">Youronlinechoices<\/a><\/li>\n<\/ul>\n<p><strong>Cookie utilizzati dal sito<\/strong><\/p>\n<p>Il sito utilizza:<\/p>\n<p><strong><em>Cookie tecnici<\/em><\/strong><br \/>\nCookie di navigazione\/sessione<br \/>\nCookie di tipo analytics<br \/>\nCookie di funzionalit\u00e0<\/p>\n<p><strong><em>Cookie di profilazione<\/em><\/strong><br \/>\nNessuno<\/p>\n<p><strong><em>Cookie di terze parti<\/em><\/strong><br \/>\nNessuno<\/p>\n<p><strong>Nota<\/strong>: salvo diverse impostazioni del proprio browser, proseguendo con la navigazione si presta il consenso all\u2019utilizzo di tali cookie. Il consenso verr\u00e0 registrato in un cookie tecnico della durata di un anno.<\/p>\n<p><span style=\"text-decoration: underline;\"><em><strong>Informativa pubblicata in data: 25 maggio 2018<\/strong><\/em><\/span><\/p>\n<h3><span style=\"text-decoration: underline;\"><strong>DISCLAIMER<\/strong><\/span><\/h3>\n<p>MACC Staranzano mantiene questo sito per soddisfare esigenze di informazione\/comunicazione. Nella preparazione di questo sito \u00e8 stata posta ogni cura per offrire le informazioni pi\u00f9 aggiornate, corrette e chiare possibili. Tuttavia sono sempre possibili errori involontari e le informazioni spesso possono essere soggette a variazione. MACC Staranzano prodiga ragionevoli sforzi per includere informazioni complete e aggiornate nel sito, ma non fornisce garanzie e non si assume alcuna responsabilit\u00e0 per eventuali errori o omissioni. Il materiale contenuto nel sito \u00e8 fornito \u201cnello stato in cui \u00e9\u201d e senza alcuna garanzia implicita o esplicita.<\/p>\n<p>Pertanto, nei pi\u00f9 ampi termini di legge MACC Staranzano declina ogni responsabilit\u00e0 esplicita o implicita, incluso, ma non limitato, la continuit\u00e0 del servizio, la presenza di errori o omissioni, la correzione degli errori, la responsabilit\u00e0 del server ospitante il sito sull\u2019eventuale presenza di virus o altri componenti informatici nocivi e dannosi.<\/p>\n<p>MACC Staranzano non \u00e8 responsabile dell\u2019uso delle informazioni contenute, della loro correttezza e affidabilit\u00e0, n\u00e9 per i danni diretti o indiretti che possono essere provocati da uno di questi aspetti. La lettura, la consultazione e l\u2019utilizzo dei materiali di questo sito si configura come manifestazione di accettazione del contenuto di queste condizioni. In nessun caso, inclusa la negligenza, MACC Staranzano sar\u00e0 responsabile di ogni diretto o indiretto danno che possa risultare dall\u2019uso, o dalla incapacit\u00e0 di usare, i materiali presenti nel sito.<\/p>\n<p><strong>Il presente sito non costituisce testata giornalistica, non ha, comunque, carattere periodico ed \u00e8 aggiornato secondo la disponibilit\u00e0 e la reperibilit\u00e0 dei materiali ivi contenuti. Pertanto, non pu\u00f2 essere considerato in alcun modo un prodotto editoriale ai sensi della L. n. 62 del 7.03.2001.<\/strong><\/p>\n<h3><span style=\"text-decoration: underline;\">COPYRIGHT<\/span><\/h3>\n<p>I contenuti del presente sito web www.mutuastar.com comprensivi di marchi, dati, notizie, informazioni, immagini, grafici, disegni \u2013 sono di propriet\u00e0 di MACC Staranzano, via Martiri della libert\u00e0 42\/b, Staranzano, dei suoi danti causa e da tutte le tutele previste dal Codice della Propriet\u00e0 Industriale.<\/p>\n<p>Ogni singolo documento pubblicato pu\u00f2 inoltre contenere altri avvisi di propriet\u00e0 e informazioni sul copyright, relativi al singolo documento. La loro riproduzione \u00e8 vietata con qualsiasi mezzo analogico o digitale senza autorizzazione scritta. E\u2019 consentita \u2013 senza necessit\u00e0 di autorizzazione \u2013 la copia per uso esclusivamente personale. Sono inoltre consentite, previa comunicazione a MACC Staranzano \u2013 che si riserva il diritto di negare l\u2019utilizzo proposto \u2013 le citazioni a titolo di cronaca, studio, critica o recensione, purch\u00e9 accompagnate dall\u2019indicazione della fonte, compreso l\u2019indirizzo telematico www.mutuastar.com. Per tutte le altre utilizzazioni, \u00e8 indispensabile una richiesta di autorizzazione a MACC Staranzano, via Martiri della libert\u00e0 42\/b, Staranzano. Qualora venga concessa l\u2019autorizzazione alla riproduzione \u00e8 fatto obbligo di citarne la fonte www.mutuastar.com.<\/p>\n","protected":false},"excerpt":{"rendered":"<p>Cookie Law Info Premessa Questa pagina costituisce una sezione dell\u2019informativa privacy estesa consultabile sul sito e descrive nello specifico l\u2019utilizzo dei cookie effettuato dal titolare. Informazioni sui Cookie I cookie sono stringhe di testo di piccole dimensioni che i siti visitati dall\u2019utente inviano al suo terminale (solitamente al browser), dove vengono memorizzati per essere poi ritrasmessi agli stessi siti alla successiva visita del medesimo utente. Nel corso della navigazione su un sito, l\u2019utente pu\u00f2 ricevere sul suo terminale anche cookie che vengono inviati da siti o da web server diversi (c.d. \u201cterze parti\u201d), sui quali possono risiedere alcuni elementi (quali,&#8230; <a class=\"continue-reading-link\" href=\"https:\/\/www.mutuastar.com\/new\/cookie-policy\/\">Continua a leggere<\/a><\/p>\n","protected":false},"author":2,"featured_media":0,"parent":0,"menu_order":0,"comment_status":"closed","ping_status":"closed","template":"","meta":{"footnotes":""},"class_list":["post-1275","page","type-page","status-publish","hentry"],"_links":{"self":[{"href":"https:\/\/www.mutuastar.com\/new\/wp-json\/wp\/v2\/pages\/1275","targetHints":{"allow":["GET"]}}],"collection":[{"href":"https:\/\/www.mutuastar.com\/new\/wp-json\/wp\/v2\/pages"}],"about":[{"href":"https:\/\/www.mutuastar.com\/new\/wp-json\/wp\/v2\/types\/page"}],"author":[{"embeddable":true,"href":"https:\/\/www.mutuastar.com\/new\/wp-json\/wp\/v2\/users\/2"}],"replies":[{"embeddable":true,"href":"https:\/\/www.mutuastar.com\/new\/wp-json\/wp\/v2\/comments?post=1275"}],"version-history":[{"count":7,"href":"https:\/\/www.mutuastar.com\/new\/wp-json\/wp\/v2\/pages\/1275\/revisions"}],"predecessor-version":[{"id":4414,"href":"https:\/\/www.mutuastar.com\/new\/wp-json\/wp\/v2\/pages\/1275\/revisions\/4414"}],"wp:attachment":[{"href":"https:\/\/www.mutuastar.com\/new\/wp-json\/wp\/v2\/media?parent=1275"}],"curies":[{"name":"wp","href":"https:\/\/api.w.org\/{rel}","templated":true}]}}