{"id":20,"date":"2016-04-08T15:23:02","date_gmt":"2016-04-08T13:23:02","guid":{"rendered":"http:\/\/www.mutuastar.com\/new\/?page_id=20"},"modified":"2024-01-31T10:52:11","modified_gmt":"2024-01-31T09:52:11","slug":"chi-siamo","status":"publish","type":"page","link":"https:\/\/www.mutuastar.com\/new\/chi-siamo\/","title":{"rendered":"CHI SIAMO E COSA FACCIAMO"},"content":{"rendered":"<h2><img loading=\"lazy\" decoding=\"async\" class=\"alignnone  wp-image-4117\" src=\"http:\/\/www.mutuastar.com\/new\/wp-content\/uploads\/2024\/01\/Sito_Banner-articoli-8-500x125.png\" alt=\"\" width=\"1296\" height=\"324\" srcset=\"https:\/\/www.mutuastar.com\/new\/wp-content\/uploads\/2024\/01\/Sito_Banner-articoli-8-500x125.png 500w, https:\/\/www.mutuastar.com\/new\/wp-content\/uploads\/2024\/01\/Sito_Banner-articoli-8-200x50.png 200w, https:\/\/www.mutuastar.com\/new\/wp-content\/uploads\/2024\/01\/Sito_Banner-articoli-8-150x38.png 150w, https:\/\/www.mutuastar.com\/new\/wp-content\/uploads\/2024\/01\/Sito_Banner-articoli-8.png 1200w\" sizes=\"auto, (max-width: 1296px) 100vw, 1296px\" \/><\/h2>\r\n<h3>La nostra Storia<\/h3>\r\n<p>La <strong>Mutua di Assistenza del Credito Cooperativo <\/strong>\u00e8 nata per volont\u00e0 della <strong>Banca di Credito Cooperativo di Staranzano <\/strong>nel maggio del 1994 per consolidare quei tradizionali principi ispiratori di mutualit\u00e0 e solidariet\u00e0 che contraddistinguono l&#8217;azione della BCC.<\/p>\r\n<p>Fino al 30 giugno del 1999 la Sede e l&#8217;operativit\u00e0 veniva svolta all&#8217;interno della struttura bancaria; dopo tale data la Mutua ha ottenuto una sede propria, in <strong>via Martiri della Libert\u00e0 42\/b a Staranzano <\/strong>(Tel. 0481\/486359 Fax 0481\/713395).<\/p>\r\n<p>La Mutua di Assistenza del Credito Cooperativo aderisce al Comipa (Consorzio tra Mutue Italiane di Previdenza e Assistenza) un consorzio cooperativo con sede a Roma che raccoglie le Mutue private su tutto il territorio nazionale e che emette a favore dei soci delle proprie consorziate la Carta Mutuasalus per poter accedere ad una vasta gamma di servizi e prestazioni. Nello Statuto della MACC si stabilisce che la Mutua intende assicurare ai soci e ai loro familiari &#8220;i benefici della mutualit\u00e0 con specifica attenzione al settore sanitario, previdenziale e dei servizi sociali&#8221;.<\/p>\r\n<h3>La nostra Mission<\/h3>\r\n<p>La Mutua \u00e8 una associazione di persone che interviene a sostegno e supporto dei Soci che si trovano in momentanee difficolt\u00e0. La gestione \u00e8 basata essenzialmente sul volontariato dei Consiglieri e dei soci disponibili e viene curata totalmente presso la propria sede con la collaborazione e il sostegno finanziario della Banca locale, la <strong>BCC Venezia Giulia<\/strong>. Tutte le decisioni e gli interventi operativi vengono decisi da un Consiglio di Amministrazione, composto da 9 membri pi\u00f9 tre componenti il Collegio Sindacale, tutti durano in carica tre anni.<br \/><br \/>&#8220;Mutualit\u00e0&#8221; significa che siamo tutti soci, non clienti; la MACC non ha fini di lucro, non deve produrre utili e quindi non esclude i propri Soci per vecchiaia o condizioni di salute: una garanzia, non un&#8217;assicurazione, che supporta il Socio nei vari momenti della sua vita a fronte di un costo piccolissimo: dai 2 ai 4,5 Euro al mese.\u00a0<br \/>La MACC \u00e8 una Mutua plurisettore: affianca all&#8217;assistenza sanitaria altri elementi di sostegno nei settori culturali, di animazione territoriale e del tempo libero.\u00a0<\/p>\r\n<p>In questo video del 2018 il presidente pro tempore <strong>Fabio Steccherini<\/strong> racconta qualcosa in pi\u00f9 sui servizi e le attivit\u00e0 della MACC.<\/p>\r\n<p><iframe loading=\"lazy\" src=\"\/\/www.youtube.com\/embed\/ct9Yn7q4xFk\" width=\"560\" height=\"315\" frameborder=\"0\" allowfullscreen=\"allowfullscreen\"><\/iframe><\/p>\r\n<p><b>Per saperne scarica il nostro flyer informativo e la nostra Carta dei Servizi: <\/b><\/p>\r\n<p><a href=\"http:\/\/www.mutuastar.com\/new\/wp-content\/uploads\/2024\/01\/Tre-ante_Essere-soci-MACC-2023-1.pdf\">Flyer | Essere soci MACC (fronte)<\/a>\u00a0<em><br \/><\/em><a href=\"http:\/\/www.mutuastar.com\/new\/wp-content\/uploads\/2024\/01\/Tre-ante_Essere-soci-MACC-2023-2.pdf\">Flyer | Essere soci MACC (retro)<\/a><em><br \/><a href=\"https:\/\/www.mutuastar.com\/new\/wp-content\/uploads\/2022\/11\/Carta-dei-servizi-MACC-Sito.pdf\" target=\"_blank\" rel=\"noopener\">Carta dei servizi MACC<\/a><br \/><\/em><\/p>\r\n<p>(ultimo aggiornamento: 31\/01\/2024)<\/p>\r\n","protected":false},"excerpt":{"rendered":"<p>La nostra Storia La Mutua di Assistenza del Credito Cooperativo \u00e8 nata per volont\u00e0 della Banca di Credito Cooperativo di Staranzano nel maggio del 1994 per consolidare quei tradizionali principi ispiratori di mutualit\u00e0 e solidariet\u00e0 che contraddistinguono l&#8217;azione della BCC. Fino al 30 giugno del 1999 la Sede e l&#8217;operativit\u00e0 veniva svolta all&#8217;interno della struttura bancaria; dopo tale data la Mutua ha ottenuto una sede propria, in via Martiri della Libert\u00e0 42\/b a Staranzano (Tel. 0481\/486359 Fax 0481\/713395). La Mutua di Assistenza del Credito Cooperativo aderisce al Comipa (Consorzio tra Mutue Italiane di Previdenza e Assistenza) un consorzio cooperativo con&#8230; <a class=\"continue-reading-link\" href=\"https:\/\/www.mutuastar.com\/new\/chi-siamo\/\">Continua a leggere<\/a><\/p>\n","protected":false},"author":1,"featured_media":0,"parent":0,"menu_order":0,"comment_status":"closed","ping_status":"closed","template":"","meta":{"footnotes":""},"class_list":["post-20","page","type-page","status-publish","hentry"],"_links":{"self":[{"href":"https:\/\/www.mutuastar.com\/new\/wp-json\/wp\/v2\/pages\/20","targetHints":{"allow":["GET"]}}],"collection":[{"href":"https:\/\/www.mutuastar.com\/new\/wp-json\/wp\/v2\/pages"}],"about":[{"href":"https:\/\/www.mutuastar.com\/new\/wp-json\/wp\/v2\/types\/page"}],"author":[{"embeddable":true,"href":"https:\/\/www.mutuastar.com\/new\/wp-json\/wp\/v2\/users\/1"}],"replies":[{"embeddable":true,"href":"https:\/\/www.mutuastar.com\/new\/wp-json\/wp\/v2\/comments?post=20"}],"version-history":[{"count":16,"href":"https:\/\/www.mutuastar.com\/new\/wp-json\/wp\/v2\/pages\/20\/revisions"}],"predecessor-version":[{"id":4134,"href":"https:\/\/www.mutuastar.com\/new\/wp-json\/wp\/v2\/pages\/20\/revisions\/4134"}],"wp:attachment":[{"href":"https:\/\/www.mutuastar.com\/new\/wp-json\/wp\/v2\/media?parent=20"}],"curies":[{"name":"wp","href":"https:\/\/api.w.org\/{rel}","templated":true}]}}