{"id":3183,"date":"2022-04-29T10:07:13","date_gmt":"2022-04-29T08:07:13","guid":{"rendered":"https:\/\/www.mutuastar.com\/new\/?page_id=3183"},"modified":"2025-04-03T11:27:24","modified_gmt":"2025-04-03T09:27:24","slug":"disponibilita-boschetta","status":"publish","type":"page","link":"https:\/\/www.mutuastar.com\/new\/disponibilita-boschetta\/","title":{"rendered":"Disponibilit\u00e0 boschetta"},"content":{"rendered":"<blockquote>\n<h2><strong><span style=\"color: #000000;\">In questa pagina, aggiornata in tempo reale, potete verificare<\/span> <span style=\"color: #0000ff;\">la disponibilit\u00e0 dell&#8217;area della Boschetta di Dobbia\u00a0<span style=\"color: #000000;\">e inviare la vostra richiesta di prenotazione.\u00a0<\/span><\/span><\/strong><\/h2>\n<\/blockquote>\n<p>Per richiedere la prenotazione \u00e8 necessario:<\/p>\n<ol>\n<li>verificare che la data di vostro interesse sia disponibile (<strong><span style=\"color: #00ff00;\">evidenziata in verde<\/span><\/strong>) e selezionarla cliccandoci su;<\/li>\n<li>compilare il form sottostante con tutti i dati essenziali, inserire le quattro lettere del codice di sicurezza nell&#8217;ultima casella del form e premere INVIA.<\/li>\n<li><strong>attendere la risposta da parte della segreteria MACC<\/strong>, che vi verr\u00e0 comunicata a mezzo posta elettronica nel giro di una settimana lavorativa.<\/li>\n<\/ol>\n<p><strong>ATTENZIONE: per l&#8217;anno 2025 il sistema non accetta prenotazioni <\/strong>in conseguenza dei lavori di manutenzione straordinaria programmati: scopri di pi\u00f9 <a href=\"https:\/\/www.mutuastar.com\/new\/2025\/03\/31\/boschetta-di-dobbia-aggiornamento\/\">leggendo qui<\/a>.<\/p>\n <div id=\"form_id981498001128\" class=\"wpbc_container wpbc_form wpbc_container_booking_form \" ><form id=\"booking_form1\" class=\"booking_form vertical\" method=\"post\" action=\"\"><div id=\"ajax_respond_insert1\" class=\"ajax_respond_insert\" style=\"display:none;\"><\/div><a name=\"bklnk1\" id=\"bklnk1\"><\/a><div id=\"booking_form_div1\" class=\"booking_form_div\"><style type=\"text\/css\">.wpbc_container_booking_form .block_hints, .wpbc_booking_form_simple.wpbc_form_center .wpbc__form__div .wpbc__row.wpbc_r_calendar, .wpbc_booking_form_simple .wpbc__form__div .wpbc__row:not(.wpbc_r_calendar){max-width:440px;} <\/style>\n<div class=\"wpbc_booking_form_simple \">\n<div class=\"wpbc__form__div\">\n\t\t\t<div class=\"wpbc_r_calendar wpbc__row\">\n\t\t\t\t<div class=\"wpbc_r_calendar wpbc__field\"> <label><\/label><br><div class=\"wpbc_calendar_wraper wpbc_change_over_triangle wpbc_calendar_skin_legacy\"><style type=\"text\/css\" rel=\"stylesheet\" >.hasDatepick .datepick-inline .datepick-title-row th,.hasDatepick .datepick-inline .datepick-days-cell,.hasDatepick .datepick-inline .wpbc-cell-box{ max-height: 40px; }<\/style><div class=\"wpbc_cal_container bk_calendar_frame months_num_in_row_2 cal_month_num_2\" style=\"width:100%;max-width:100%;\"><div id=\"calendar_booking1\"  class=\"wpbc_calendar_id_1\" >\t<div class=\"calendar_loader_frame calendar_loader_frame1\"\r\n\t\tdata-wpbc-rid=\"1\"\r\n\t\tdata-wpbc-grace=\"8000\"\r\n\t\tstyle=\"--wpbc-loader-cols: 2;\"\r\n\t>\r\n\t\t<div class=\"calendar_loader_text\">Caricamento in corso...<\/div>\r\n\t\t<div class=\"calendar_loader_frame__progress_line_container\">\r\n\t\t\t<div class=\"calendar_loader_frame__progress_line\"><\/div>\r\n\t\t<\/div>\r\n\t<\/div>\r\n\t<\/div><\/div><div style=\"font-size:7px;text-align:left;margin:0 0 10px;text-shadow: none;\">Powered by <a href=\"https:\/\/wpbookingcalendar.com\" style=\"font-size:7px;\" target=\"_blank\" title=\"Booking Calendar plugin for WordPress\">Booking Calendar<\/a><\/div><textarea id=\"date_booking1\" name=\"date_booking1\" autocomplete=\"off\" style=\"display:none;\"><\/textarea><div class=\"block_hints datepick \"><div class=\"wpdev_hint_with_text\"><div class=\"\"><div class=\"datepick-inline wpbc_calendar_legend_table_width_height\"><table class=\"datepick wpbc_calendar\" style=\"\"><tbody><tr><td class=\"datepick-days-cell date_available wpbc_calendar_legend_day_cell_height\"><div class=\"wpbc-cell-box\">\t<div class=\"date-cell-content\">\t\t<div class=\"date-content-top\"><\/div>\t\t<a>06<\/a>\t\t<div class=\"date-content-bottom\"><\/div>\t<\/div><\/div><\/td><\/tr><\/tbody><\/table><\/div><\/div><div class=\"block_text\">- <\/div><div class=\"block_text\">Disponibile<\/div><\/div><div class=\"wpdev_hint_with_text\"><div class=\"\"><div class=\"datepick-inline wpbc_calendar_legend_table_width_height\"><table class=\"datepick wpbc_calendar\" style=\"\"><tbody><tr><td class=\"datepick-days-cell datepick-unselectable date_user_unavailable full_day_booking date_approved wpbc_calendar_legend_day_cell_height\"><div class=\"wpbc-cell-box\">\t<div class=\"date-cell-content\">\t\t<div class=\"date-content-top\"><\/div>\t\t<span>06<\/span>\t\t<div class=\"date-content-bottom\"><\/div>\t<\/div><\/div><\/td><\/tr><\/tbody><\/table><\/div><\/div><div class=\"block_text\">- <\/div><div class=\"block_text\">Prenotato<\/div><\/div><div class=\"wpdev_hint_with_text\"><div class=\"\"><div class=\"datepick-inline wpbc_calendar_legend_table_width_height\"><table class=\"datepick wpbc_calendar\" style=\"\"><tbody><tr><td class=\"datepick-days-cell datepick-unselectable date_user_unavailable full_day_booking date2approve wpbc_calendar_legend_day_cell_height\"><div class=\"wpbc-cell-box\">\t<div class=\"date-cell-content\">\t\t<div class=\"date-content-top\"><\/div>\t\t<span>06<\/span>\t\t<div class=\"date-content-bottom\"><\/div>\t<\/div><\/div><\/td><\/tr><\/tbody><\/table><\/div><\/div><div class=\"block_text\">- <\/div><div class=\"block_text\">Prenotato (da confermare)<\/div><\/div><div class=\"wpdev_hint_with_text\"><div class=\"\"><span class=\" wpbc_change_over_triangle\"><div class=\"datepick-inline wpbc_calendar_legend_table_width_height\"><table class=\"datepick wpbc_calendar\" style=\"\"><tbody><tr><td class=\"datepick-days-cell date_available date2approve timespartly times_clock wpbc_calendar_legend_day_cell_height\"><div class=\"wpbc-cell-box\">\t<div class=\"wpbc-diagonal-el\">\t\t<div class=\"wpbc-co-out\"><svg height=\"100%\" width=\"100%\" viewBox=\"0 0 100 100\" preserveAspectRatio=\"none\"><polygon points=\"0,0 0,99 99,0\"><\/polygon><polygon points=\"0,0 0,100 49,100 49,0\"><\/polygon><\/svg><\/div>\t\t<div class=\"wpbc-co-in\"><svg height=\"100%\" width=\"100%\" viewBox=\"0 0 98 98\" preserveAspectRatio=\"none\"><polygon points=\"0,99 99,99 99,0\"><\/polygon><polygon points=\"50,98 98,98 98,0 50,0\"><\/polygon><\/svg><\/div>\t<\/div>\t<div class=\"date-cell-content\">\t\t<div class=\"date-content-top\"><div class=\"wpbc_time_dots\">\u00b7<\/div><\/div>\t\t<a>06<\/a>\t\t<div class=\"date-content-bottom\"><\/div>\t<\/div><\/div><\/td><\/tr><\/tbody><\/table><\/div><\/span><\/div><div class=\"block_text\">- <\/div><div class=\"block_text\">\ufeffParzialmente prenotato<\/div><\/div><\/div><\/div> <\/div>\n\t\t\t<\/div>\n\t\t\t<div class=\"wpbc__row\">\n\t\t\t\t<div class=\"wpbc_r_name wpbc__field\"> <label>Nome*<\/label><br><span class=\"wpbc_wrap_text wpdev-form-control-wrap name1\"><input type=\"text\" name=\"name1\" value=\"\" autocomplete=\"name\" class=\"wpdev-validates-as-required\" size=\"40\" \/><\/span> <\/div>\n\t\t\t<\/div>\n\t\t\t<div class=\"wpbc__row\">\n\t\t\t\t<div class=\"wpbc_r_secondname wpbc__field\"> <label>Cognome*<\/label><br><span class=\"wpbc_wrap_text wpdev-form-control-wrap secondname1\"><input type=\"text\" name=\"secondname1\" value=\"\" autocomplete=\"secondname\" class=\"wpdev-validates-as-required\" size=\"40\" \/><\/span> <\/div>\n\t\t\t<\/div>\n\t\t\t<div class=\"wpbc__row\">\n\t\t\t\t<div class=\"wpbc_r_sociomacc wpbc__field\"><span class=\"wpbc_wrap_checkbox wpdev-form-control-wrap sociomacc1\"><span autocomplete=\"sociomacc\" class=\"wpdev-checkbox\"><span class=\"wpdev-list-item\"><input  autocomplete=\"sociomacc\" class=\"wpdev-checkbox\" id=\"checkboxid177807608907208\"  onchange=\"javascript:if(typeof( wpbc_show_cost_hints_after_few_seconds )=='function'){wpbc_show_cost_hints_after_few_seconds(1);}\"  type=\"checkbox\"  name=\"sociomacc1[]\"  value=\"Socio MACC\" \/><label for=\"checkboxid177807608907208\"  class=\"wpdev-list-item-label\">Socio MACC<\/label><\/span><\/span><\/span> <\/div>\n\t\t\t<\/div>\n\t\t\t<div class=\"wpbc__row\">\n\t\t\t\t<div class=\"wpbc_r_email wpbc__field\"> <label>Email*<\/label><br><span class=\"wpbc_wrap_text wpdev-form-control-wrap email1\"><input type=\"email\" name=\"email1\" value=\"\" autocomplete=\"email\" class=\"wpdev-validates-as-email wpdev-validates-as-required\" size=\"40\" \/><\/span> <\/div>\n\t\t\t<\/div>\n\t\t\t<div class=\"wpbc__row\">\n\t\t\t\t<div class=\"wpbc_r_phone wpbc__field\"> <label>Telefono*<\/label><br><span class=\"wpbc_wrap_text wpdev-form-control-wrap phone1\"><input type=\"text\" name=\"phone1\" value=\"\" autocomplete=\"phone\" class=\"wpdev-validates-as-required\" size=\"40\" \/><\/span> <\/div>\n\t\t\t<\/div>\n\t\t\t<div class=\"wpbc__row\">\n\t\t\t\t<div class=\"wpbc_r_details wpbc__field\"> <label>Tipo di evento da organizzare<\/label><br><span class=\"wpbc_wrap_textarea wpdev-form-control-wrap details1\"><textarea name=\"details1\" autocomplete=\"details\"><\/textarea><\/span> <\/div>\n\t\t\t<\/div>\n\t\t\t<div class=\"wpbc__row\">\n\t\t\t\t<div class=\"wpbc_r_captcha wpbc__field\"> <label><\/label><br><span class=\"wpbc_text_captcha_container wpdev-form-control-wrap \"><input  autocomplete=\"off\" type=\"hidden\" name=\"wpdev_captcha_challenge_1\"  id=\"wpdev_captcha_challenge_1\" value=\"3425349509\" \/><input  autocomplete=\"off\" type=\"text\" class=\"captachinput\" value=\"\" name=\"captcha_input1\" id=\"captcha_input1\" \/><img decoding=\"async\" class=\"captcha_img\"  id=\"captcha_img1\" alt=\"To show CAPTCHA, please deactivate cache plugin or exclude this page from caching or disable CAPTCHA at WP Booking Calendar - Settings General page in Form Options section.\" src=\"https:\/\/www.mutuastar.com\/new\/wp-content\/plugins\/booking\/js\/captcha\/tmp\/3425349509.png\" \/><\/span> <\/div>\n\t\t\t<\/div>\n\t\t\t<div class=\"wpbc__row\">\n\t\t\t\t<div class=\"wpbc_r_submit wpbc__field\"><input type=\"button\" value=\"Invia\" class=\"wpbc_button_light  btn btn\" onclick=\"wpbc_booking_form_submit(this.form,1, 'it_IT');\" \/> <\/div>\n\t\t\t<\/div>\n<\/div>\n<\/div><input id=\"bk_type1\" name=\"bk_type1\" class=\"\" type=\"hidden\" value=\"1\" \/><\/div><div id=\"submiting1\"><\/div><div class=\"form_bk_messages\" id=\"form_bk_messages1\" ><\/div><input type=\"hidden\" id=\"wpbc_nonceCALCULATE_THE_COST1\" name=\"wpbc_nonceCALCULATE_THE_COST1\" value=\"295f9bfbfc\" \/><input type=\"hidden\" name=\"_wp_http_referer\" value=\"\/new\/wp-json\/wp\/v2\/pages\/3183\" \/><\/form><\/div><div id=\"booking_form_garbage1\" class=\"booking_form_garbage\"><\/div> \n<h3>Informazioni di carattere generale<\/h3>\n<ul>\n<li><strong>Nell&#8217;area allo stato attuale viene messo a disposizione dei richiedenti lo spazio esterno con relative attrezzature (panche, tavoli) e l&#8217;uso dei bagni; la cucina\u00a0non\u00a0\u00e8 attrezzata e non \u00e8 utilizzabile: \u00e8 garantito l&#8217;accesso solo agli organizzatori per l&#8217;utilizzo dei due frighi messi a disposizione degli utenti.<\/strong><\/li>\n<li>Il canone di uso include la pulizia dei bagni che viene garantita da parte di MACC prima di ogni utilizzo e l&#8217;uso delle utenze di acqua e luce. In particolare l&#8217;impianto elettrico garantisce 6 Kw; nel caso in cui il vostro evento preveda un uso di corrente superiore \u00e8 possibile attivare un ulteriore fornitura temporanea, i cui costi verranno addebitati a vostro carico e non sono compresi nel canone.<\/li>\n<li>Tramite questo sistema \u00e8 possibile <em>richiedere le prenotazioni per i successivi nove mesi<\/em>. Per date pi\u00f9 distanti nel tempo vi preghiamo di contattare direttamente la segreteria tramite l&#8217;indirizzo mail della boschetta (<a href=\"mailto:boschetta@mutuastar.com\">clicca qui<\/a>);<\/li>\n<li><strong>le prenotazioni tramite form vengono gestite per le richieste di privati e di enti associativi, culturali o sportivi, esclusivamente per prenotazioni che garantiscono l&#8217;occupazione dell&#8217;area in via esclusiva per l&#8217;intera giornata<\/strong>. Se sei rappresentante di un&#8217;associazione e ti interessa avere la disponibilit\u00e0 della Boschetta ad ore (ad esempio per organizzare corsi o eventi ripetuti nel tempo della tua associazione) o per pi\u00f9 giornate, contattaci via mail;<\/li>\n<li>la richiesta di prenotazione non \u00e8 vincolante per MACC fino alla conferma inviata per posta elettronica. Se sono trascorsi 7 giorni lavorativi e non hai ricevuto alcuna notifica da parte nostra, contattaci via mail. Solo per le prenotazioni effettuate da associazioni sar\u00e0 inoltre necessario versare la caparra confirmatoria di euro 50,00.<\/li>\n<\/ul>\n<p>&nbsp;<\/p>\n","protected":false},"excerpt":{"rendered":"<p>In questa pagina, aggiornata in tempo reale, potete verificare la disponibilit\u00e0 dell&#8217;area della Boschetta di Dobbia\u00a0e inviare la vostra richiesta di prenotazione.\u00a0 Per richiedere la prenotazione \u00e8 necessario: verificare che la data di vostro interesse sia disponibile (evidenziata in verde) e selezionarla cliccandoci su; compilare il form sottostante con tutti i dati essenziali, inserire le quattro lettere del codice di sicurezza nell&#8217;ultima casella del form e premere INVIA. attendere la risposta da parte della segreteria MACC, che vi verr\u00e0 comunicata a mezzo posta elettronica nel giro di una settimana lavorativa. ATTENZIONE: per l&#8217;anno 2025 il sistema non accetta prenotazioni in&#8230; <a class=\"continue-reading-link\" href=\"https:\/\/www.mutuastar.com\/new\/disponibilita-boschetta\/\">Continua a leggere<\/a><\/p>\n","protected":false},"author":2,"featured_media":0,"parent":0,"menu_order":0,"comment_status":"closed","ping_status":"closed","template":"","meta":{"footnotes":""},"class_list":["post-3183","page","type-page","status-publish","hentry"],"_links":{"self":[{"href":"https:\/\/www.mutuastar.com\/new\/wp-json\/wp\/v2\/pages\/3183","targetHints":{"allow":["GET"]}}],"collection":[{"href":"https:\/\/www.mutuastar.com\/new\/wp-json\/wp\/v2\/pages"}],"about":[{"href":"https:\/\/www.mutuastar.com\/new\/wp-json\/wp\/v2\/types\/page"}],"author":[{"embeddable":true,"href":"https:\/\/www.mutuastar.com\/new\/wp-json\/wp\/v2\/users\/2"}],"replies":[{"embeddable":true,"href":"https:\/\/www.mutuastar.com\/new\/wp-json\/wp\/v2\/comments?post=3183"}],"version-history":[{"count":16,"href":"https:\/\/www.mutuastar.com\/new\/wp-json\/wp\/v2\/pages\/3183\/revisions"}],"predecessor-version":[{"id":4744,"href":"https:\/\/www.mutuastar.com\/new\/wp-json\/wp\/v2\/pages\/3183\/revisions\/4744"}],"wp:attachment":[{"href":"https:\/\/www.mutuastar.com\/new\/wp-json\/wp\/v2\/media?parent=3183"}],"curies":[{"name":"wp","href":"https:\/\/api.w.org\/{rel}","templated":true}]}}