{"id":3637,"date":"2023-02-28T10:00:06","date_gmt":"2023-02-28T09:00:06","guid":{"rendered":"https:\/\/www.mutuastar.com\/new\/?page_id=3637"},"modified":"2023-09-15T19:18:34","modified_gmt":"2023-09-15T17:18:34","slug":"langolo-del-benessere","status":"publish","type":"page","link":"https:\/\/www.mutuastar.com\/new\/langolo-del-benessere\/","title":{"rendered":"L&#8217;angolo del benessere"},"content":{"rendered":"<blockquote><p><span style=\"color: #33cccc;\">La vita non \u00e8 vivere, ma vivere in benessere.<\/span><br \/>\n<em>Non est vivere, sed valere vita est.<\/em> (Marziale)<\/p><\/blockquote>\n<p>Non perderti tutte le novit\u00e0 sui nostri psicologi e psicoterapeuti convenzionati, e rimani aggiornato sugli articoli esclusivi per i soci MACC!<\/p>\n<h5><strong>Leggi qui tutti gli articoli scritti dallo psicologo dott. Rodolfo Vittori!<\/strong><\/h5>\n<table style=\"border-collapse: collapse; width: 66.9782%; height: 168px;\">\n<tbody>\n<tr style=\"height: 72px;\">\n<td style=\"width: 50%; height: 72px;\"><span style=\"color: #ff9900;\"><em>La realt\u00e0 virtuale in psicologia<\/em><\/span><\/td>\n<td style=\"width: 73.3513%; height: 72px;\"><a href=\"https:\/\/www.mutuastar.com\/new\/2022\/10\/27\/realta-virtuale\/\">Clicca qui<\/a> per l&#8217;articolo completo e scopri come la realt\u00e0 virtuale pu\u00f2 essere d&#8217;aiuto per la gestione di stati di ansia e per altri disturbi di varia natura.<\/td>\n<\/tr>\n<tr style=\"height: 96px;\">\n<td style=\"width: 50%; height: 96px;\"><em><span style=\"color: #ff9900;\">Disturbo affettivo stagionale<\/span><\/em><\/td>\n<td style=\"width: 73.3513%; height: 96px;\">Sai che cos&#8217;\u00e8? Causa molte alterazioni dell&#8217;umore e stanchezza, centra con la diminuzione delle ore di luce solare. <a href=\"https:\/\/www.mutuastar.com\/new\/2022\/10\/27\/dr-vittori-disturbo-affettivo-stagionale\/\">Clicca qui<\/a> per scoprire qualcosa di pi\u00f9 e soprattutto come combattere questo disagio tipico della stagione autunnale!<\/td>\n<\/tr>\n<tr>\n<td style=\"width: 50%;\"><em><span style=\"color: #ff9900;\">Ansia e stress<\/span><\/em><\/td>\n<td style=\"width: 73.3513%;\">Prevenire e combattere stress e ansia: scopri come <a href=\"https:\/\/www.mutuastar.com\/new\/2023\/02\/27\/dr-vittori-ansia-e-stress\/\" target=\"_blank\" rel=\"noopener\">cliccando qui.<\/a><\/td>\n<\/tr>\n<\/tbody>\n<\/table>\n<h5>Leggi qui tutti gli articoli scritti dallo psicologo dott. Alberto Marin<\/h5>\n<table style=\"border-collapse: collapse; width: 67.2226%; height: 187px;\">\n<tbody>\n<tr style=\"height: 72px;\">\n<td style=\"width: 50%; height: 72px;\"><span style=\"color: #ff9900;\"><em>L&#8217;insonnia<\/em><\/span><\/td>\n<td style=\"width: 73.3513%; height: 72px;\"><a href=\"https:\/\/www.mutuastar.com\/new\/2020\/11\/02\/langolo-della-salute\/\">Clicca qui<\/a> per l&#8217;articolo completo sull&#8217;insonnia e la sua gestione.<\/td>\n<\/tr>\n<tr style=\"height: 96px;\">\n<td style=\"width: 50%; height: 96px;\"><em><span style=\"color: #ff9900;\">Le dipendenze<\/span><\/em><\/td>\n<td style=\"width: 73.3513%; height: 96px;\">Sai che cosa sono? Un problema che colpisce molte persone, e che pu\u00f2 riguardare non solo l&#8217;abuso di sostanze stupefacenti o psicotrope ma molti altri aspetti della vita. Approfondisci l&#8217;argomento <a href=\"https:\/\/www.mutuastar.com\/new\/2021\/02\/11\/angolo-della-salute-dipendenze\/\" target=\"_blank\" rel=\"noopener\">cliccando qui<\/a>.<\/td>\n<\/tr>\n<\/tbody>\n<\/table>\n<p>Ti rimandiamo qui all&#8217;elenco dei medici convenzionati:<\/p>\n<table style=\"border-collapse: collapse; width: 99.7454%; height: 576px;\">\n<tbody>\n<tr>\n<td style=\"width: 33.3333%;\"><a href=\"https:\/\/www.mutuastar.com\/new\/2022\/03\/04\/nuova-convenzione-dott-rodolfo-vittori\/\">Dr. VITTORI Rodolfo<\/a><\/td>\n<td style=\"width: 33.3333%;\">Via Beraldia, 91 Udine<br \/>\nVia Modolet, 3 Romans d&#8217;Isonzo<br \/>\n351 7112855<br \/>\n<a href=\"mailto:vittori.psicologo@gmail.com\">vittori.psicologo@gmail.com<\/a><br \/>\n<a href=\"https:\/\/www.scienzadelbenessere.com\/\">www.scienzadelbenessere.com<\/a><\/td>\n<td style=\"width: 33.3333%;\">Sconto 15%<\/td>\n<\/tr>\n<tr style=\"height: 72px;\">\n<td style=\"width: 33.3333%; height: 72px;\">Dott.ssa CORBATTO Silvia<\/td>\n<td style=\"width: 33.3333%; height: 72px;\">Via Randaccio, 1<br \/>\nMonfalcone (340 5694066)<br \/>\n<a href=\"mailto:dott.silviacorbatto@gmail.com\">dott.silviacorbatto@gmail.com<\/a><\/td>\n<td style=\"width: 33.3333%; height: 72px;\">Sconto \u20ac 10,00<\/td>\n<\/tr>\n<tr style=\"height: 48px;\">\n<td style=\"width: 33.3333%; height: 48px;\">Dr. LALLI Claudio<\/td>\n<td style=\"width: 33.3333%; height: 48px;\">Via Canova, 1<br \/>\nGorizia (0481 33890)<\/td>\n<td style=\"width: 33.3333%; height: 48px;\">Sconto 20%<\/td>\n<\/tr>\n<tr style=\"height: 96px;\">\n<td style=\"width: 33.3333%; height: 96px;\">Dr. MARIN Alberto Maria<\/td>\n<td style=\"width: 33.3333%; height: 96px;\">Piazza della Libert\u00e0, 6<br \/>\nTrieste (328 9430415)<br \/>\n<a href=\"mailto:info@marinalbertomaria.it\">info@marinalbertomaria.it<\/a><br \/>\n<a href=\"http:\/\/www.marinalbertomaria.it\">www.marinalbertomaria.it<\/a><\/td>\n<td style=\"width: 33.3333%; height: 96px;\">Sconto 20%<\/td>\n<\/tr>\n<tr style=\"height: 48px;\">\n<td style=\"width: 33.3333%; height: 48px;\">Dr. NARDELLI Alberto<\/td>\n<td style=\"width: 33.3333%; height: 48px;\">Via Duca D&#8217;Aosta, 92<br \/>\nMonfalcone (347 8911446)<\/td>\n<td style=\"width: 33.3333%; height: 48px;\">Sconto 20%<\/td>\n<\/tr>\n<tr style=\"height: 72px;\">\n<td style=\"width: 33.3333%; height: 72px;\">Dr. BOTTINO Margherita<\/td>\n<td style=\"width: 33.3333%; height: 72px;\">Riceve su appuntamento a Duino e Trieste<br \/>\n(392 4229607)<br \/>\nmargherita.bottino@gmail.com<\/td>\n<td style=\"width: 33.3333%; height: 72px;\">Sconto 15%<\/td>\n<\/tr>\n<tr style=\"height: 48px;\">\n<td style=\"width: 33.3333%; height: 48px;\">Dr.ssa VALENT Marina<\/td>\n<td style=\"width: 33.3333%; height: 48px;\">Corso del Popolo, 54<br \/>\nMonfalcone (347 9653919)<\/td>\n<td style=\"width: 33.3333%; height: 48px;\">Sconto 10%<\/td>\n<\/tr>\n<tr style=\"height: 48px;\">\n<td style=\"width: 33.3333%; height: 48px;\">Dr.ssa TRAMPUS Claudia<\/td>\n<td style=\"width: 33.3333%; height: 48px;\">Via Romana, 149<br \/>\nMonfalcone (347 5209096)<\/td>\n<td style=\"width: 33.3333%; height: 48px;\">Sconto 20%<\/td>\n<\/tr>\n<tr style=\"height: 24px;\">\n<td style=\"width: 33.3333%; height: 24px;\"><a href=\"https:\/\/www.mutuastar.com\/new\/2022\/02\/03\/nuova-convenzione-dott-ssa-giulia-ambrosini\/\">Dr.ssa AMBROSINI Giulia<\/a><\/td>\n<td style=\"width: 33.3333%; height: 24px;\">Via Duca D&#8217;Aosta, 16<br \/>\nMonfalcone (392 1958320)<\/td>\n<td style=\"width: 33.3333%; height: 24px;\">Sconto 15%<\/td>\n<\/tr>\n<tr>\n<td style=\"width: 33.3333%;\"><a href=\"https:\/\/www.mutuastar.com\/new\/2022\/10\/20\/nuova-convenzione-dott-ssa-giardiello\/\">Dr.ssa GIARDIELLO Antonella<\/a><\/td>\n<td style=\"width: 33.3333%;\">Via Roma, 45 Monfalcone<br \/>\nVia J. Marinoni, 11 Udine (338 3755840)<br \/>\nantonellagiardiello72@gmail.com<\/td>\n<td style=\"width: 33.3333%;\">Sconto 15%<\/td>\n<\/tr>\n<\/tbody>\n<\/table>\n<p>&nbsp;<\/p>\n<blockquote><p>Ti ricordiamo che per le prestazioni effettuate presso i medici riportati \u00e8 previsto, oltre allo sconto effettuato dal medico sulla fattura, un rimborso dalla Mutua pari al 30% di quanto pagato!<\/p><\/blockquote>\n<p>&nbsp;<\/p>\n","protected":false},"excerpt":{"rendered":"<p>La vita non \u00e8 vivere, ma vivere in benessere. Non est vivere, sed valere vita est. (Marziale) Non perderti tutte le novit\u00e0 sui nostri psicologi e psicoterapeuti convenzionati, e rimani aggiornato sugli articoli esclusivi per i soci MACC! Leggi qui tutti gli articoli scritti dallo psicologo dott. Rodolfo Vittori! La realt\u00e0 virtuale in psicologia Clicca qui per l&#8217;articolo completo e scopri come la realt\u00e0 virtuale pu\u00f2 essere d&#8217;aiuto per la gestione di stati di ansia e per altri disturbi di varia natura. Disturbo affettivo stagionale Sai che cos&#8217;\u00e8? Causa molte alterazioni dell&#8217;umore e stanchezza, centra con la diminuzione delle ore&#8230; <a class=\"continue-reading-link\" href=\"https:\/\/www.mutuastar.com\/new\/langolo-del-benessere\/\">Continua a leggere<\/a><\/p>\n","protected":false},"author":2,"featured_media":0,"parent":0,"menu_order":0,"comment_status":"closed","ping_status":"closed","template":"","meta":{"footnotes":""},"class_list":["post-3637","page","type-page","status-publish","hentry"],"_links":{"self":[{"href":"https:\/\/www.mutuastar.com\/new\/wp-json\/wp\/v2\/pages\/3637","targetHints":{"allow":["GET"]}}],"collection":[{"href":"https:\/\/www.mutuastar.com\/new\/wp-json\/wp\/v2\/pages"}],"about":[{"href":"https:\/\/www.mutuastar.com\/new\/wp-json\/wp\/v2\/types\/page"}],"author":[{"embeddable":true,"href":"https:\/\/www.mutuastar.com\/new\/wp-json\/wp\/v2\/users\/2"}],"replies":[{"embeddable":true,"href":"https:\/\/www.mutuastar.com\/new\/wp-json\/wp\/v2\/comments?post=3637"}],"version-history":[{"count":5,"href":"https:\/\/www.mutuastar.com\/new\/wp-json\/wp\/v2\/pages\/3637\/revisions"}],"predecessor-version":[{"id":3919,"href":"https:\/\/www.mutuastar.com\/new\/wp-json\/wp\/v2\/pages\/3637\/revisions\/3919"}],"wp:attachment":[{"href":"https:\/\/www.mutuastar.com\/new\/wp-json\/wp\/v2\/media?parent=3637"}],"curies":[{"name":"wp","href":"https:\/\/api.w.org\/{rel}","templated":true}]}}