{"id":4375,"date":"2024-07-01T15:05:47","date_gmt":"2024-07-01T13:05:47","guid":{"rendered":"https:\/\/www.mutuastar.com\/new\/?page_id=4375"},"modified":"2024-07-02T11:44:05","modified_gmt":"2024-07-02T09:44:05","slug":"servizio-whatsapp","status":"publish","type":"page","link":"https:\/\/www.mutuastar.com\/new\/servizio-whatsapp\/","title":{"rendered":"Servizio Whatsapp"},"content":{"rendered":"<p><img loading=\"lazy\" decoding=\"async\" class=\"alignnone wp-image-4376\" src=\"http:\/\/www.mutuastar.com\/new\/wp-content\/uploads\/2024\/07\/Sito_Banner-articoli-1-500x125.png\" alt=\"\" width=\"892\" height=\"223\" srcset=\"https:\/\/www.mutuastar.com\/new\/wp-content\/uploads\/2024\/07\/Sito_Banner-articoli-1-500x125.png 500w, https:\/\/www.mutuastar.com\/new\/wp-content\/uploads\/2024\/07\/Sito_Banner-articoli-1-200x50.png 200w, https:\/\/www.mutuastar.com\/new\/wp-content\/uploads\/2024\/07\/Sito_Banner-articoli-1-150x38.png 150w, https:\/\/www.mutuastar.com\/new\/wp-content\/uploads\/2024\/07\/Sito_Banner-articoli-1.png 1200w\" sizes=\"auto, (max-width: 892px) 100vw, 892px\" \/><\/p>\n<h3>I soci MACC possono utilizzare il servizio Whatsapp Business per le loro esigenze di contatto con la Mutua!<\/h3>\n<p>Abbiamo attivato da ottobre 2020 <strong>un numero di telefono dedicato alle esigenze di contatto a mezzo social (351 6619875),<\/strong> attraverso il quale \u00e8 possibile eseguire alcune operazioni utili per i soci della Mutua ed in particolare:<\/p>\n<h4>Invio di pratiche tramite Whatsapp<\/h4>\n<p>Per chiedere un rimborso basta mandare una foto dei documenti (fattura per il rimborso di viste specialistiche e terapie, certificato di iscrizione a scuola o documento equivalente per sussidio scolastico, documento d\u2019iscrizione ad associazioni sportive o culturali per il sussidio sportivo\/culturale, certificato di ricovero o lettera di dimissioni per diarie infortunio\/malattia\/ricovero) al numero WhatsApp della MACC.<br \/>\nIl servizio di ricezione pratiche tramite questo sistema \u00e8 attivo dal luned\u00ec al venerd\u00ec dalle ore 8.30 alle ore 12.30. A tutela della vostra privacy e della sicurezza delle comunicazioni, a partire dal 1 luglio 2024 vi chiederemo di compilare e rispedirci un modulo autorizzatorio che ci permetta di identificare in modo univoco la vostra utenza. Il modulo si pu\u00f2 scaricare anche <a href=\"http:\/\/www.mutuastar.com\/new\/wp-content\/uploads\/2024\/07\/Modulo-di-adesione-al-servizio-WhatsApp.pdf\">da questo link<\/a>; i dati e le informazioni inviate via cellulare vengono trattati secondo questa informativa privacy: <a href=\"http:\/\/www.mutuastar.com\/new\/wp-content\/uploads\/2024\/07\/Informativa-trattamento-dati-Whatsapp.pdf\">Informativa privacy.<\/a><\/p>\n<h4>Iscrizione alla Lista Broadcast per restare aggiornati sulle iniziative della Mutua<\/h4>\n<p>Per richiedere il servizio \u00e8 necessario iscriversi, per farlo \u00e8 sufficiente <strong>mandare un messaggio Whatsapp<\/strong> al nostro cellulare (351 6619875) chiedendo di essere inseriti nella lista broadcast, servizio che vi terr\u00e0 aggiornati con cadenza bimensile sulle novit\u00e0 e iniziative della MACC. <strong>Il servizio \u00e8 anonimo, pertanto gli utenti iscritti non vedranno i contatti altrui: non si tratta di un gruppo ma di una modalit\u00e0 di contatto &#8220;personale&#8221;<\/strong>; solo i funzionari della segreteria vedranno le vostre eventuali risposte! Per disattivare la ricezione dei massaggi basta comunicarlo alla segreteria MACC.<\/p>\n<p>(ultimo aggiornamento: 1 luglio 2024)<\/p>\n<p>&nbsp;<\/p>\n","protected":false},"excerpt":{"rendered":"<p>I soci MACC possono utilizzare il servizio Whatsapp Business per le loro esigenze di contatto con la Mutua! Abbiamo attivato da ottobre 2020 un numero di telefono dedicato alle esigenze di contatto a mezzo social (351 6619875), attraverso il quale \u00e8 possibile eseguire alcune operazioni utili per i soci della Mutua ed in particolare: Invio di pratiche tramite Whatsapp Per chiedere un rimborso basta mandare una foto dei documenti (fattura per il rimborso di viste specialistiche e terapie, certificato di iscrizione a scuola o documento equivalente per sussidio scolastico, documento d\u2019iscrizione ad associazioni sportive o culturali per il sussidio sportivo\/culturale,&#8230; <a class=\"continue-reading-link\" href=\"https:\/\/www.mutuastar.com\/new\/servizio-whatsapp\/\">Continua a leggere<\/a><\/p>\n","protected":false},"author":2,"featured_media":0,"parent":0,"menu_order":0,"comment_status":"closed","ping_status":"closed","template":"","meta":{"footnotes":""},"class_list":["post-4375","page","type-page","status-publish","hentry"],"_links":{"self":[{"href":"https:\/\/www.mutuastar.com\/new\/wp-json\/wp\/v2\/pages\/4375","targetHints":{"allow":["GET"]}}],"collection":[{"href":"https:\/\/www.mutuastar.com\/new\/wp-json\/wp\/v2\/pages"}],"about":[{"href":"https:\/\/www.mutuastar.com\/new\/wp-json\/wp\/v2\/types\/page"}],"author":[{"embeddable":true,"href":"https:\/\/www.mutuastar.com\/new\/wp-json\/wp\/v2\/users\/2"}],"replies":[{"embeddable":true,"href":"https:\/\/www.mutuastar.com\/new\/wp-json\/wp\/v2\/comments?post=4375"}],"version-history":[{"count":9,"href":"https:\/\/www.mutuastar.com\/new\/wp-json\/wp\/v2\/pages\/4375\/revisions"}],"predecessor-version":[{"id":4392,"href":"https:\/\/www.mutuastar.com\/new\/wp-json\/wp\/v2\/pages\/4375\/revisions\/4392"}],"wp:attachment":[{"href":"https:\/\/www.mutuastar.com\/new\/wp-json\/wp\/v2\/media?parent=4375"}],"curies":[{"name":"wp","href":"https:\/\/api.w.org\/{rel}","templated":true}]}}