{"id":4629,"date":"2025-01-22T12:29:05","date_gmt":"2025-01-22T11:29:05","guid":{"rendered":"https:\/\/www.mutuastar.com\/new\/?page_id=4629"},"modified":"2025-01-22T12:32:53","modified_gmt":"2025-01-22T11:32:53","slug":"lasciti-nel-testamento","status":"publish","type":"page","link":"https:\/\/www.mutuastar.com\/new\/lasciti-nel-testamento\/","title":{"rendered":"Lasciti nel testamento"},"content":{"rendered":"<h3 data-pm-slice=\"1 1 []\"><img loading=\"lazy\" decoding=\"async\" class=\"alignnone wp-image-4630\" src=\"http:\/\/www.mutuastar.com\/new\/wp-content\/uploads\/2025\/01\/Sito_Banner-articoli-36-500x125.png\" alt=\"\" width=\"1304\" height=\"326\" srcset=\"https:\/\/www.mutuastar.com\/new\/wp-content\/uploads\/2025\/01\/Sito_Banner-articoli-36-500x125.png 500w, https:\/\/www.mutuastar.com\/new\/wp-content\/uploads\/2025\/01\/Sito_Banner-articoli-36-200x50.png 200w, https:\/\/www.mutuastar.com\/new\/wp-content\/uploads\/2025\/01\/Sito_Banner-articoli-36-150x38.png 150w, https:\/\/www.mutuastar.com\/new\/wp-content\/uploads\/2025\/01\/Sito_Banner-articoli-36.png 1200w\" sizes=\"auto, (max-width: 1304px) 100vw, 1304px\" \/><\/h3>\n<h3 data-pm-slice=\"1 1 []\"><strong>Lasciti testamentari: un gesto di solidariet\u00e0 che lascia il segno<\/strong><\/h3>\n<p><strong>Cosa sono i lasciti testamentari?<\/strong> Un lascito testamentario \u00e8 una disposizione che permette di destinare una parte del proprio patrimonio a un ente o associazione, come la Mutua di Assistenza del Credito Cooperativo, attraverso il testamento. Si tratta di un atto volontario che consente di sostenere valori e iniziative care anche oltre la propria vita. Attraverso un lascito testamentario, \u00e8 possibile garantire il proseguimento di progetti e servizi dedicati al benessere dei soci e delle loro famiglie, come il supporto sanitario, previdenziale e culturale. Con un piccolo gesto, si pu\u00f2 contribuire a costruire un futuro di solidariet\u00e0 e assistenza per la comunit\u00e0, intervenendo su progetti che stanno particolarmente a cuore alla MACC.<\/p>\n<p data-pm-slice=\"1 3 []\"><strong>Perch\u00e9 fare un lascito testamentario alla MACC?<\/strong> La MACC \u00e8 da sempre al fianco dei propri soci, promuovendo valori di mutualit\u00e0, solidariet\u00e0 e sostegno reciproco. Un lascito testamentario alla MACC \u00e8 un investimento nel futuro della comunit\u00e0, che permette di:<\/p>\n<ul data-spread=\"false\">\n<li><strong>Sostenere i servizi essenziali<\/strong>: contribuire al miglioramento dell\u2019assistenza sanitaria e sociale per chi si trova in momentanee difficolt\u00e0 e supportare il nostro servizio di accompagnamento gratuito.<\/li>\n<li><strong>Promuovere la cultura e il benessere<\/strong>: supportare iniziative culturali, educative e di animazione territoriale organizzate da MACC per i soci e le famiglie;<\/li>\n<li><strong>Lasciare un segno duraturo<\/strong>: rendere il proprio impegno per la comunit\u00e0 parte di un progetto che continuer\u00e0 nel tempo, sostenendo le iniziative e gli sviluppi della Boschetta di Dobbia e di Casa Cometa.<\/li>\n<\/ul>\n<p data-pm-slice=\"1 1 []\"><strong>Come fare un lascito testamentario alla MACC?<\/strong> Per includere la MACC nel proprio testamento potete contattare la segreteria al numero <strong>0481 486359<\/strong>, saremo poi lieti di aiutarvi a effettuare questa operazione semplice e che non richiede grandi patrimoni.\u00a0Consigliamo in ogni caso di consultare un notaio per ricevere supporto nella redazione del testamento e garantire che le proprie volont\u00e0 siano espresse in modo chiaro e inequivocabile.<\/p>\n<p data-pm-slice=\"1 1 []\">Un lascito testamentario \u00e8 un gesto di grande generosit\u00e0, che permette di trasformare i propri valori in azioni concrete. Alla MACC, ogni contributo viene utilizzato con responsabilit\u00e0 e trasparenza, per continuare a offrire servizi e opportunit\u00e0 preziose ai soci e alla comunit\u00e0. Per maggiori informazioni o per ricevere supporto, puoi contattare la nostra sede o scrivere a <a href=\"mailto:segreteria@mutuastar.com\">segreteria@mutuastar.com<\/a>. Saremo felici di rispondere alle tue domande e guidarti in questo importante gesto di solidariet\u00e0.<\/p>\n<p>Insieme, possiamo costruire un futuro migliore.<\/p>\n<p data-pm-slice=\"1 1 []\">\n","protected":false},"excerpt":{"rendered":"<p>Lasciti testamentari: un gesto di solidariet\u00e0 che lascia il segno Cosa sono i lasciti testamentari? Un lascito testamentario \u00e8 una disposizione che permette di destinare una parte del proprio patrimonio a un ente o associazione, come la Mutua di Assistenza del Credito Cooperativo, attraverso il testamento. Si tratta di un atto volontario che consente di sostenere valori e iniziative care anche oltre la propria vita. Attraverso un lascito testamentario, \u00e8 possibile garantire il proseguimento di progetti e servizi dedicati al benessere dei soci e delle loro famiglie, come il supporto sanitario, previdenziale e culturale. Con un piccolo gesto, si pu\u00f2&#8230; <a class=\"continue-reading-link\" href=\"https:\/\/www.mutuastar.com\/new\/lasciti-nel-testamento\/\">Continua a leggere<\/a><\/p>\n","protected":false},"author":2,"featured_media":0,"parent":0,"menu_order":0,"comment_status":"closed","ping_status":"closed","template":"","meta":{"footnotes":""},"class_list":["post-4629","page","type-page","status-publish","hentry"],"_links":{"self":[{"href":"https:\/\/www.mutuastar.com\/new\/wp-json\/wp\/v2\/pages\/4629","targetHints":{"allow":["GET"]}}],"collection":[{"href":"https:\/\/www.mutuastar.com\/new\/wp-json\/wp\/v2\/pages"}],"about":[{"href":"https:\/\/www.mutuastar.com\/new\/wp-json\/wp\/v2\/types\/page"}],"author":[{"embeddable":true,"href":"https:\/\/www.mutuastar.com\/new\/wp-json\/wp\/v2\/users\/2"}],"replies":[{"embeddable":true,"href":"https:\/\/www.mutuastar.com\/new\/wp-json\/wp\/v2\/comments?post=4629"}],"version-history":[{"count":2,"href":"https:\/\/www.mutuastar.com\/new\/wp-json\/wp\/v2\/pages\/4629\/revisions"}],"predecessor-version":[{"id":4633,"href":"https:\/\/www.mutuastar.com\/new\/wp-json\/wp\/v2\/pages\/4629\/revisions\/4633"}],"wp:attachment":[{"href":"https:\/\/www.mutuastar.com\/new\/wp-json\/wp\/v2\/media?parent=4629"}],"curies":[{"name":"wp","href":"https:\/\/api.w.org\/{rel}","templated":true}]}}