{"id":648,"date":"2017-03-16T12:27:59","date_gmt":"2017-03-16T11:27:59","guid":{"rendered":"http:\/\/www.mutuastar.com\/new\/?page_id=648"},"modified":"2023-04-11T10:02:00","modified_gmt":"2023-04-11T08:02:00","slug":"ambulatorio-infermieristico","status":"publish","type":"page","link":"https:\/\/www.mutuastar.com\/new\/ambulatorio-infermieristico\/","title":{"rendered":"Ambulatorio infermieristico"},"content":{"rendered":"<h4>Studio Biomedico Moratti: il laboratorio prelievi<\/h4>\n<p>Lo Studio Biomedico Luciano Moratti \u00e8 aperto<strong> ogni <span style=\"color: #ff9900;\">marted\u00ec<\/span> e <span style=\"color: #ff9900;\">gioved\u00ec<\/span> mattina per le prestazioni infermieristiche: <\/strong><strong><span style=\"color: #ff9900;\">dalle 7:30 alle 9:30<\/span> sar\u00e0 possibile effettuare attivit\u00e0 di prelievo e, a seguire<span style=\"color: #ff9900;\"> dalle 9:30 alle 10:00<\/span>\u00a0gratuitamente prestazioni infermieristiche <\/strong>(medicazioni, misurazione della pressione, test glicemici, iniezioni etc), <span style=\"text-decoration: underline;\">il tutto senza bisogno di prenotazione<\/span>.<\/p>\n<p>Il referto potr\u00e0 poi successivamente essere ritirato:<br \/>\n\u2022 <em><strong>solo dai soci MACC e BCC, presso la MACC tutte le mattine dalle 8.30 alle 12.30<\/strong> che non hanno modo di scaricare il referto da casa<\/em> <span style=\"text-decoration: underline;\">previo appuntamento telefonico<\/span>;<br \/>\n\u2022 direttamente tramite la propria casella di posta elettronica;<br \/>\n\u2022 presso un altro centro convenzionato con il Policlinico Triestino (ad esempio gli Studi Biomedici di Monfalcone in via Duca d\u2019Aosta o di Ronchi in Via D\u2019annunzio).<br \/>\n<strong>La MACC, inoltre, per i propri Soci prevede per queste prestazioni lo sconto del 10% oltre alla possibilit\u00e0 di ottenere il 20% di rimborso sulle prestazioni godute presso SALUS Policlinico Triestino. Tutte le info sul soggetto gestore al <a href=\"https:\/\/www.salustrieste.it\/\" target=\"_blank\" rel=\"noopener noreferrer\">LINK<\/a>.\u00a0<\/strong><\/p>\n<h4>Tamponi in Studio Moratti<\/h4>\n<p>Vi informiamo che presso l&#8217;Ambulatorio &#8220;L. Moratti&#8221; <span style=\"text-decoration: underline;\">non<\/span> si eseguono tamponi molecolari per l&#8217;individuazione di Sars-cov2; \u00e8 comunque possibile, esclusivamente previa prenotazione online, effettuare il tampone molecolare presso altre sedi Salus: <a href=\"https:\/\/www.salustrieste.it\/prenotatamponi\/index.php\" target=\"_blank\" rel=\"noopener noreferrer\">clicca qui<\/a> per prenotare.<br \/>\nRicordiamo a tutti i nostri soci che per i tamponi molecolari eseguiti privatamente presso gli ambulatori Salus \u00e8 previsto un <span style=\"text-decoration: underline;\">rimborso del 20%<\/span> che \u00e8 possibile ricevere presentando una copia della fattura via mail all&#8217;<strong><span style=\"color: #000000;\">indirizzo nuovo <\/span><\/strong><a href=\"mailto:segreteria@mutuastar.com\"><strong><span style=\"color: #000000;\">segreteria@mutuastar.com<\/span><\/strong><\/a> o su <strong>Whatsapp al numero +39 351 6619875<\/strong>.<\/p>\n<h4>Domande frequenti sull&#8217;ambulatorio prelievi<\/h4>\n<p><em>1. E&#8217; necessaria l&#8217;impegnativa? <\/em><br \/>\nNO, l&#8217;ambulatorio infermieristico \u00e8 ad accesso libero e di conseguenza non \u00e8 necessaria l&#8217;impegnativa medica per effettuare qualunque esame del sangue, <span style=\"text-decoration: underline;\">ad esclusione del test sierologico per la ricerca di anticorpi prodotti in risposta alla malattia da Covid-19 o al vaccino.<\/span><\/p>\n<p><em>2. Posso accedere anche se non sono socio MACC o BCC? <\/em><br \/>\nSi! Le prestazioni vengono effettuate privatamente e sono garantite comunque a tutti gli utenti. I soci MACC godono di uno sconto del 10% in ambulatorio e di un rimborso del 20% direttamente dalla mutua, nonch\u00e8 della facolt\u00e0 di scaricare i referti, appena disponibili, direttamente in ufficio.<\/p>\n<p><em>3. Devo prenotare? <\/em><br \/>\nNO, \u00e8 sufficiente passare negli orari di apertura sopra indicati e dichiarare le prestazioni di cui si necessita.<\/p>\n<p><em>4. Ma mi conviene pagare privatamente o con il ticket pubblico? <\/em><br \/>\nL&#8217;accettazione dello Studio Biomedico, una volta indicati gli esami da fare, simuler\u00e0 il costo dovuto privatamente e quanto avreste pagato con il SSN, in modo da mettervi in condizione di scegliere la formula pi\u00f9 conveniente. Al momento, in attesa dell&#8217;accreditamento Regionale, nello studio biomedico Moratti NON vengono gestite le esenzioni!<\/p>\n","protected":false},"excerpt":{"rendered":"<p>Studio Biomedico Moratti: il laboratorio prelievi Lo Studio Biomedico Luciano Moratti \u00e8 aperto ogni marted\u00ec e gioved\u00ec mattina per le prestazioni infermieristiche: dalle 7:30 alle 9:30 sar\u00e0 possibile effettuare attivit\u00e0 di prelievo e, a seguire dalle 9:30 alle 10:00\u00a0gratuitamente prestazioni infermieristiche (medicazioni, misurazione della pressione, test glicemici, iniezioni etc), il tutto senza bisogno di prenotazione. Il referto potr\u00e0 poi successivamente essere ritirato: \u2022 solo dai soci MACC e BCC, presso la MACC tutte le mattine dalle 8.30 alle 12.30 che non hanno modo di scaricare il referto da casa previo appuntamento telefonico; \u2022 direttamente tramite la propria casella di posta&#8230; <a class=\"continue-reading-link\" href=\"https:\/\/www.mutuastar.com\/new\/ambulatorio-infermieristico\/\">Continua a leggere<\/a><\/p>\n","protected":false},"author":2,"featured_media":654,"parent":0,"menu_order":0,"comment_status":"closed","ping_status":"closed","template":"","meta":{"footnotes":""},"class_list":["post-648","page","type-page","status-publish","has-post-thumbnail","hentry"],"_links":{"self":[{"href":"https:\/\/www.mutuastar.com\/new\/wp-json\/wp\/v2\/pages\/648","targetHints":{"allow":["GET"]}}],"collection":[{"href":"https:\/\/www.mutuastar.com\/new\/wp-json\/wp\/v2\/pages"}],"about":[{"href":"https:\/\/www.mutuastar.com\/new\/wp-json\/wp\/v2\/types\/page"}],"author":[{"embeddable":true,"href":"https:\/\/www.mutuastar.com\/new\/wp-json\/wp\/v2\/users\/2"}],"replies":[{"embeddable":true,"href":"https:\/\/www.mutuastar.com\/new\/wp-json\/wp\/v2\/comments?post=648"}],"version-history":[{"count":7,"href":"https:\/\/www.mutuastar.com\/new\/wp-json\/wp\/v2\/pages\/648\/revisions"}],"predecessor-version":[{"id":3696,"href":"https:\/\/www.mutuastar.com\/new\/wp-json\/wp\/v2\/pages\/648\/revisions\/3696"}],"wp:featuredmedia":[{"embeddable":true,"href":"https:\/\/www.mutuastar.com\/new\/wp-json\/wp\/v2\/media\/654"}],"wp:attachment":[{"href":"https:\/\/www.mutuastar.com\/new\/wp-json\/wp\/v2\/media?parent=648"}],"curies":[{"name":"wp","href":"https:\/\/api.w.org\/{rel}","templated":true}]}}