{"id":750,"date":"2017-05-24T14:41:56","date_gmt":"2017-05-24T12:41:56","guid":{"rendered":"http:\/\/www.mutuastar.com\/new\/?page_id=750"},"modified":"2026-01-22T12:00:07","modified_gmt":"2026-01-22T11:00:07","slug":"le-specialita-mediche","status":"publish","type":"page","link":"https:\/\/www.mutuastar.com\/new\/le-specialita-mediche\/","title":{"rendered":"Le specialit\u00e0 mediche"},"content":{"rendered":"<p style=\"text-align: left;\"><img loading=\"lazy\" decoding=\"async\" class=\"alignleft wp-image-5055 size-medium\" src=\"http:\/\/www.mutuastar.com\/new\/wp-content\/uploads\/2026\/01\/MACC_Grafiche-ambulatorio-353x500.png\" alt=\"\" width=\"353\" height=\"500\" srcset=\"https:\/\/www.mutuastar.com\/new\/wp-content\/uploads\/2026\/01\/MACC_Grafiche-ambulatorio-353x500.png 353w, https:\/\/www.mutuastar.com\/new\/wp-content\/uploads\/2026\/01\/MACC_Grafiche-ambulatorio-141x200.png 141w, https:\/\/www.mutuastar.com\/new\/wp-content\/uploads\/2026\/01\/MACC_Grafiche-ambulatorio-106x150.png 106w, https:\/\/www.mutuastar.com\/new\/wp-content\/uploads\/2026\/01\/MACC_Grafiche-ambulatorio.png 848w\" sizes=\"auto, (max-width: 353px) 100vw, 353px\" \/>Cliccando sul menu a discesa troverete i dettagli per ciascuna specialit\u00e0 presente.<\/p>\n<p>Per prenotare una visita medica vi invitiamo a chiamare lo <span style=\"text-decoration: underline;\">Studio Biomedico<\/span> durante l&#8217;orario di apertura, <strong>marted\u00ec e gioved\u00ec dalle 7:30 alle 10:00 <\/strong>al numero +39 0481 830104. Durante gli orari di chiusura dell&#8217;Ambulatorio \u00e8 possibile prenotare chiamando direttamente l&#8217;<span style=\"text-decoration: underline;\">Ufficio MACC<\/span> al numero +39 0481 486359 <strong>tutte le mattine tra le 8:30 e le 12:30<\/strong>.<\/p>\n<p>Ricordiamo ai nostri soci che per tutte le visite e le terapie effettuate presso lo Studio Biomedico \u00e8 riservato uno sconto, previa presentazione della Carta Mutuasalus; \u00e8 inoltre previsto un rimborso del 20% (per terapie ed esami diagnostici) e del 30% (per visite specialistiche) se entro <em>90 giorni<\/em> dalla data dell&#8217;evento presentate alla Mutua una copia della la fattura via mail (<a href=\"mailto:segreteria@mutuastar.com\">segreteria@mutuastar.com<\/a>) o una foto tramite whatsapp (<strong>+39 351 6619875<\/strong>).<\/p>\n<p>(Aggiornato al 22\/01\/2026)<\/p>\n","protected":false},"excerpt":{"rendered":"<p>Cliccando sul menu a discesa troverete i dettagli per ciascuna specialit\u00e0 presente. Per prenotare una visita medica vi invitiamo a chiamare lo Studio Biomedico durante l&#8217;orario di apertura, marted\u00ec e gioved\u00ec dalle 7:30 alle 10:00 al numero +39 0481 830104. Durante gli orari di chiusura dell&#8217;Ambulatorio \u00e8 possibile prenotare chiamando direttamente l&#8217;Ufficio MACC al numero +39 0481 486359 tutte le mattine tra le 8:30 e le 12:30. Ricordiamo ai nostri soci che per tutte le visite e le terapie effettuate presso lo Studio Biomedico \u00e8 riservato uno sconto, previa presentazione della Carta Mutuasalus; \u00e8 inoltre previsto un rimborso del 20%&#8230; <a class=\"continue-reading-link\" href=\"https:\/\/www.mutuastar.com\/new\/le-specialita-mediche\/\">Continua a leggere<\/a><\/p>\n","protected":false},"author":2,"featured_media":0,"parent":0,"menu_order":0,"comment_status":"closed","ping_status":"closed","template":"","meta":{"footnotes":""},"class_list":["post-750","page","type-page","status-publish","hentry"],"_links":{"self":[{"href":"https:\/\/www.mutuastar.com\/new\/wp-json\/wp\/v2\/pages\/750","targetHints":{"allow":["GET"]}}],"collection":[{"href":"https:\/\/www.mutuastar.com\/new\/wp-json\/wp\/v2\/pages"}],"about":[{"href":"https:\/\/www.mutuastar.com\/new\/wp-json\/wp\/v2\/types\/page"}],"author":[{"embeddable":true,"href":"https:\/\/www.mutuastar.com\/new\/wp-json\/wp\/v2\/users\/2"}],"replies":[{"embeddable":true,"href":"https:\/\/www.mutuastar.com\/new\/wp-json\/wp\/v2\/comments?post=750"}],"version-history":[{"count":14,"href":"https:\/\/www.mutuastar.com\/new\/wp-json\/wp\/v2\/pages\/750\/revisions"}],"predecessor-version":[{"id":5056,"href":"https:\/\/www.mutuastar.com\/new\/wp-json\/wp\/v2\/pages\/750\/revisions\/5056"}],"wp:attachment":[{"href":"https:\/\/www.mutuastar.com\/new\/wp-json\/wp\/v2\/media?parent=750"}],"curies":[{"name":"wp","href":"https:\/\/api.w.org\/{rel}","templated":true}]}}