{"id":810,"date":"2017-07-12T11:59:18","date_gmt":"2017-07-12T09:59:18","guid":{"rendered":"http:\/\/www.mutuastar.com\/new\/?page_id=810"},"modified":"2017-07-12T12:02:26","modified_gmt":"2017-07-12T10:02:26","slug":"dicono-di-noi","status":"publish","type":"page","link":"https:\/\/www.mutuastar.com\/new\/dicono-di-noi\/","title":{"rendered":"Dicono di noi&#8230;"},"content":{"rendered":"<p><img loading=\"lazy\" decoding=\"async\" class=\"alignnone wp-image-811\" src=\"http:\/\/www.mutuastar.com\/new\/wp-content\/uploads\/2017\/07\/Ambulatorio-MACC-500x327.jpg\" alt=\"\" width=\"830\" height=\"543\" srcset=\"https:\/\/www.mutuastar.com\/new\/wp-content\/uploads\/2017\/07\/Ambulatorio-MACC-500x327.jpg 500w, https:\/\/www.mutuastar.com\/new\/wp-content\/uploads\/2017\/07\/Ambulatorio-MACC-710x465.jpg 710w, https:\/\/www.mutuastar.com\/new\/wp-content\/uploads\/2017\/07\/Ambulatorio-MACC.jpg 999w\" sizes=\"auto, (max-width: 830px) 100vw, 830px\" \/><\/p>\n<p><strong>di Ciro Vitiello STARANZANO<\/strong> Avvio promettente nei primi sei mesi del 2017 del nuovo ambulatorio infermieristico Centro sanitario Luciano Moratti della Mutua di Assistenza di Credito Cooperativo (Macc) in via Martiri della Libert\u00e0. Inaugurato a fine ottobre 2016 nell&#8217;ambito dei festeggiamenti dei 120 anni della Bcc di Staranzano e Villesse ed entrato in funzione dopo un breve rodaggio, ha raggiunto a fine giugno un piccolo ma importante traguardo di circa mille e 200 prestazioni.Ci sono quelle infermieristiche (iniezioni, medicazioni, misurazione della pressione, test glicemici) e le visite specialistiche tra cui medicina dello sport (250), dermatologiche (200), cardiologiche (13), nutrizionista (31), allergologo (13) e neurologo (8). I prelievi di sangue sono stati 41. Il tempo di attesa massimo per visite non supera le 3 settimane. Per alcune occorrono mesi e bisogna recarsi in ambulatori a Udine, Gorizia, Trieste Palmanova o Cormons. Specie per oculistica, cardiologia ed endocrinologia. Anche a inizio luglio, le proiezioni indicano che dopo la fase sperimentale, entro fine anno sar\u00e0 a pieno regime e con la possibilit\u00e0 di aggiungere altre specialit\u00e0. Nei 18 giorni di apertura del 2016, le prestazioni risultano 274. Soddisfatto il presidente della Bcc di Staranzano e Villesse, Carlo Feruglio: \u00abSi tratta di un servizio in pi\u00f9 che viene dato alla comunit\u00e0 &#8211; sottolinea &#8211; che non va in contrasto con le altre strutture pubbliche\u00bb. Al momento il servizio \u00e8 in regime privatistico, con prezzi competitivi, in linea o pi\u00f9 bassi dei ticket sanitari. Questo per dare la possibilit\u00e0 a tutti di poter usufruire dell&#8217;ambulatorio. Per i soci della Macc sono previsti ulteriori sconti. L&#8217;attivit\u00e0 di prelievo si svolge ogni marted\u00ec e gioved\u00ec, dalle 7.30 alle 9 e a seguire dalle 9 alle 9.30 vengono effettuate prestazioni infermieristiche. Il referto potr\u00e0 poi essere ritirato sulla casella di posta elettronica, allo studio biomedico, alla Macc, tutti i pomeriggi da luned\u00ec al venerd\u00ec dalle 14 alle 18. Grazie alla postazione internet messa a disposizione, il risultato \u00e8 possibile averlo attraverso l&#8217;accesso riservato con password, per i soci che non hanno modo di scaricare il referto da casa. Lo studio ambulatoriale \u00e8 gestito dal Policlinico Triestino. Nell&#8217;Isontino ci sono altri due centri convenzionati con il Policlinico Triestino come gli Studi Biomedici di Monfalcone in via Duca d&#8217;Aosta o di Ronchi in Via D&#8217;annunzio. A Staranzano funziona un altro ambulatorio infermieristico in via Dobbia 3, struttura inaugurata il 13 giugno 2005 dall&#8217;Azienda sanitaria in collaborazione con il Comune. Un servizio soprattutto per gli anziani, impossibilitati per motivi di salute o per mancanza di mezzi propri, a recarsi al Cup di Monfalcone dove sono costretti a fare lunghe code. La media \u00e8 di circa 2. 700 prestazioni annue, con utenti che arrivano anche dal mandamento.\u00a9RIPRODUZIONE RISERVATA<\/p>\n<p><span style=\"text-decoration: underline;\"><strong>NDR: i prelievi effettuati al 20\/6 non sono 41 come erroneamente riportato nell&#8217;articolo ma sono 328.\u00a0<\/strong><\/span><\/p>\n<p><strong>Steccherini: \u00abIl risultato ottenuto dimostra che sono necessari punti sanitari diffusi\u00bb<\/strong><br \/>\n\u00abLe due attivit\u00e0 parallele che si realizzano nell&#8217;ambulatorio, quelle di prelievo al mattino e delle visite specialistiche nei pomeriggi, hanno avuto un positivo riscontro. Siamo veramente soddisfatti\u00bb. Commenta il presidente della Macc, Fabio Steccherini per il quale sono lusinghieri anche i volumi di lavoro sviluppati, in particolare per quanto attiene alle visite specialistiche. \u00abSono quasi 400 dall&#8217;apertura &#8211; spiega &#8211; e ci permettono di capire che la comunit\u00e0 staranzanese e pi\u00f9 in generale isontina necessitano di punti sanitari diffusi sul territorio, rispondendo ad esigenze che diventano complementari rispetto a quelle garantite dal servizio pubblico. Per questa ragione &#8211; aggiunge &#8211; d&#8217;intesa con il socio sostenitore Bcc di Staranzano e Villesse, auspichiamo in un ampliamento della struttura, sia per quanto attiene agli spazi dedicati allo studio, sia per quanto riguarda gli orari di apertura e l&#8217;integrazione con il servizio sanitario regionale\u00bb. (ci. vi.)<\/p>\n","protected":false},"excerpt":{"rendered":"<p>di Ciro Vitiello STARANZANO Avvio promettente nei primi sei mesi del 2017 del nuovo ambulatorio infermieristico Centro sanitario Luciano Moratti della Mutua di Assistenza di Credito Cooperativo (Macc) in via Martiri della Libert\u00e0. Inaugurato a fine ottobre 2016 nell&#8217;ambito dei festeggiamenti dei 120 anni della Bcc di Staranzano e Villesse ed entrato in funzione dopo un breve rodaggio, ha raggiunto a fine giugno un piccolo ma importante traguardo di circa mille e 200 prestazioni.Ci sono quelle infermieristiche (iniezioni, medicazioni, misurazione della pressione, test glicemici) e le visite specialistiche tra cui medicina dello sport (250), dermatologiche (200), cardiologiche (13), nutrizionista (31),&#8230; <a class=\"continue-reading-link\" href=\"https:\/\/www.mutuastar.com\/new\/dicono-di-noi\/\">Continua a leggere<\/a><\/p>\n","protected":false},"author":2,"featured_media":0,"parent":0,"menu_order":0,"comment_status":"closed","ping_status":"closed","template":"","meta":{"footnotes":""},"class_list":["post-810","page","type-page","status-publish","hentry"],"_links":{"self":[{"href":"https:\/\/www.mutuastar.com\/new\/wp-json\/wp\/v2\/pages\/810","targetHints":{"allow":["GET"]}}],"collection":[{"href":"https:\/\/www.mutuastar.com\/new\/wp-json\/wp\/v2\/pages"}],"about":[{"href":"https:\/\/www.mutuastar.com\/new\/wp-json\/wp\/v2\/types\/page"}],"author":[{"embeddable":true,"href":"https:\/\/www.mutuastar.com\/new\/wp-json\/wp\/v2\/users\/2"}],"replies":[{"embeddable":true,"href":"https:\/\/www.mutuastar.com\/new\/wp-json\/wp\/v2\/comments?post=810"}],"version-history":[{"count":3,"href":"https:\/\/www.mutuastar.com\/new\/wp-json\/wp\/v2\/pages\/810\/revisions"}],"predecessor-version":[{"id":815,"href":"https:\/\/www.mutuastar.com\/new\/wp-json\/wp\/v2\/pages\/810\/revisions\/815"}],"wp:attachment":[{"href":"https:\/\/www.mutuastar.com\/new\/wp-json\/wp\/v2\/media?parent=810"}],"curies":[{"name":"wp","href":"https:\/\/api.w.org\/{rel}","templated":true}]}}